{"id":15043,"date":"2018-01-29T16:04:34","date_gmt":"2018-01-29T16:04:34","guid":{"rendered":"http:\/\/bridge149.qodeinteractive.com\/?page_id=2"},"modified":"2018-01-29T16:04:34","modified_gmt":"2018-01-29T16:04:34","slug":"sample-page-2","status":"publish","type":"page","link":"https:\/\/loucosporgatos.com.br\/?page_id=15043","title":{"rendered":"Homepage"},"content":{"rendered":"<p>[vc_row css_animation=&#8221;&#8221; row_type=&#8221;row&#8221; use_row_as_full_screen_section=&#8221;no&#8221; type=&#8221;full_width&#8221; angled_section=&#8221;no&#8221; text_align=&#8221;left&#8221; background_image_as_pattern=&#8221;without_pattern&#8221;][vc_column][rev_slider_vc alias=&#8221;header_novo&#8221;][\/vc_column][\/vc_row][vc_row css_animation=&#8221;&#8221; row_type=&#8221;row&#8221; use_row_as_full_screen_section=&#8221;no&#8221; type=&#8221;grid&#8221; anchor=&#8221;content&#8221; angled_section=&#8221;no&#8221; text_align=&#8221;left&#8221; background_image_as_pattern=&#8221;without_pattern&#8221; css=&#8221;.vc_custom_1517491708574{padding-top: 50px !important;}&#8221; z_index=&#8221;&#8221;][vc_column css=&#8221;.vc_custom_1521684029114{margin-right: 6px !important;margin-bottom: 10px !important;background: #ffffff url(https:\/\/www.loucosporgatos.com.br\/wp-content\/uploads\/2018\/03\/home-img-1-1.jpg?id=15099) !important;background-position: center !important;background-repeat: no-repeat !important;background-size: cover !important;}&#8221; offset=&#8221;vc_col-md-6&#8243;][qode_elements_holder number_of_columns=&#8221;one_column&#8221;][qode_elements_holder_item item_padding=&#8221;2% 7% 10% 37%&#8221; horizontal_alignment=&#8221;center&#8221; advanced_animations=&#8221;no&#8221; item_padding_1280_1440=&#8221;2% 2% 10% 31%&#8221; item_padding_1024_1280=&#8221;2% 2% 10% 31%&#8221; item_padding_480_600=&#8221;20% 5% 28% 5%&#8221; item_padding_480=&#8221;20% 5% 28% 5%&#8221;][vc_empty_space height=&#8221;19px&#8221;][vc_column_text]<\/p>\n<h3>Eu sou o pingo!<\/h3>\n<p>[\/vc_column_text][vc_empty_space height=&#8221;15px&#8221;][vc_column_text]Esse \u00e9 o Ping\u00e3o, o atual mais velho da fam\u00edlia. Gordinho, gostosinho, carinhoso e \u00e0\u00a0s vezes ranzinzinha, \u00e9 o nosso comil\u00e3o mais amado![\/vc_column_text][\/qode_elements_holder_item][\/qode_elements_holder][\/vc_column][vc_column css=&#8221;.vc_custom_1521683675939{margin-bottom: 10px !important;margin-left: 6px !important;background-image: url(https:\/\/www.loucosporgatos.com.br\/wp-content\/uploads\/2018\/03\/home-img-2.jpg?id=15097) !important;background-position: center !important;background-repeat: no-repeat !important;background-size: cover !important;}&#8221; offset=&#8221;vc_col-md-6&#8243;][qode_elements_holder number_of_columns=&#8221;one_column&#8221;][qode_elements_holder_item item_padding=&#8221;2% 37% 10% 7%&#8221; horizontal_alignment=&#8221;center&#8221; advanced_animations=&#8221;no&#8221; item_padding_1280_1440=&#8221;2% 31% 10% 2%&#8221; item_padding_1024_1280=&#8221;2% 31% 10% 2%&#8221; item_padding_480_600=&#8221;20% 5% 28% 5%&#8221; item_padding_480=&#8221;20% 5% 28% 5%&#8221;][vc_empty_space height=&#8221;19px&#8221;][vc_column_text]<\/p>\n<h3>Eu sou o buneco!<\/h3>\n<p>[\/vc_column_text][vc_empty_space height=&#8221;15px&#8221;][vc_column_text]Bunequinho, o ca\u00e7ulinha pretinho sapequinha das nossas vidas. Sobra energia, sobra carinho, sobra ronrons e muito amor![\/vc_column_text][\/qode_elements_holder_item][\/qode_elements_holder][\/vc_column][\/vc_row][vc_row css_animation=&#8221;&#8221; row_type=&#8221;row&#8221; use_row_as_full_screen_section=&#8221;no&#8221; type=&#8221;grid&#8221; angled_section=&#8221;no&#8221; text_align=&#8221;center&#8221; background_image_as_pattern=&#8221;without_pattern&#8221; z_index=&#8221;&#8221; css=&#8221;.vc_custom_1522162265985{margin-right: 100px !important;margin-left: 100px !important;padding-top: 60px !important;}&#8221;][vc_column css=&#8221;.vc_custom_1517492438683{margin-right: 0px !important;margin-left: 0px !important;}&#8221;][vc_column_text]<\/p>\n<h1>Pingo &amp; Buneco<\/h1>\n<p>[\/vc_column_text][vc_empty_space height=&#8221;30px&#8221;][vc_column_text]<\/p>\n<p style=\"text-align: left;\">Pinguinho, ou Bili, ou Plico, ou Piqui, ou v\u00e1rios apelidos mais, \u00e9 um amorzinho que chegou\u00c2\u00a0 por acaso nas nossas vidas. A gente s\u00f3 ia cuidar dele por um tempinho pra uma amiga nossa (a designer do blog, inclusive), mas da\u00ed n\u00e3o deu pra devolver n\u00e3o. E a\u00ed v\u00e3o quase 8 anos desse amor super carinhoso, que adora mamar na cobertinha, que mia pra pedir carinho, que d\u00e1 cabe\u00e7adinhas fofas e que \u00e9 o grudinho comil\u00e3o e beberr\u00e3o (de \u00e1gua, t\u00e1?) da mami. O Bunequinho, Burbs ou Bubu chegou aqui em agosto do ano passado, pouco mais de um m\u00eas depois de a gente perder o Pam, nosso velhinho laranjinha, aos 19 aninhos&#8230; Chegou pra preencher um vazio e foi escolhido ao acaso de uma protetora na internet. Mas ele coube direitinho nos nossos cora\u00e7\u00f5es (inclusive tem v\u00e1\u00e1\u00e1rios trejeitos do nosso P\u00e2melo) e a cada dia a gente se apaixona mais por essa peste negra (apelido carinhoso, t\u00e1, gente?) que mais parece um Tot\u00f3.<\/p>\n<p>[\/vc_column_text][vc_empty_space height=&#8221;30px&#8221;][vc_row_inner row_type=&#8221;row&#8221; type=&#8221;full_width&#8221; text_align=&#8221;left&#8221; css_animation=&#8221;&#8221;][vc_column_inner][vc_empty_space height=&#8221;62px&#8221;][latest_post type=&#8221;boxes&#8221; number_of_colums=&#8221;3&#8243; number_of_rows=&#8221;1&#8243; order_by=&#8221;date&#8221; order=&#8221;DESC&#8221;][\/vc_column_inner][\/vc_row_inner][vc_empty_space height=&#8221;62px&#8221;][\/vc_column][\/vc_row]<\/p>\n","protected":false},"excerpt":{"rendered":"<p>[vc_row css_animation=&#8221;&#8221; row_type=&#8221;row&#8221; use_row_as_full_screen_section=&#8221;no&#8221; type=&#8221;full_width&#8221; angled_section=&#8221;no&#8221; text_align=&#8221;left&#8221; background_image_as_pattern=&#8221;without_pattern&#8221;][vc_column][rev_slider_vc alias=&#8221;header_novo&#8221;][\/vc_column][\/vc_row][vc_row css_animation=&#8221;&#8221; row_type=&#8221;row&#8221; use_row_as_full_screen_section=&#8221;no&#8221; type=&#8221;grid&#8221; anchor=&#8221;content&#8221; angled_section=&#8221;no&#8221; text_align=&#8221;left&#8221; background_image_as_pattern=&#8221;without_pattern&#8221; css=&#8221;.vc_custom_1517491708574{padding-top: 50px !important;}&#8221; z_index=&#8221;&#8221;][vc_column css=&#8221;.vc_custom_1521684029114{margin-right: 6px !important;margin-bottom: 10px !important;background: #ffffff url(https:\/\/www.loucosporgatos.com.br\/wp-content\/uploads\/2018\/03\/home-img-1-1.jpg?id=15099) !important;background-position: center !important;background-repeat: no-repeat !important;background-size: cover !important;}&#8221; offset=&#8221;vc_col-md-6&#8243;][qode_elements_holder number_of_columns=&#8221;one_column&#8221;][qode_elements_holder_item item_padding=&#8221;2% 7% 10% 37%&#8221; horizontal_alignment=&#8221;center&#8221; advanced_animations=&#8221;no&#8221; item_padding_1280_1440=&#8221;2% 2% 10% 31%&#8221; item_padding_1024_1280=&#8221;2% 2% 10% 31%&#8221; item_padding_480_600=&#8221;20% 5% 28% 5%&#8221; [&hellip;]<\/p>\n","protected":false},"author":4,"featured_media":15079,"parent":0,"menu_order":0,"comment_status":"closed","ping_status":"open","template":"full_width.php","meta":{"footnotes":""},"class_list":["post-15043","page","type-page","status-publish","has-post-thumbnail","hentry"],"_links":{"self":[{"href":"https:\/\/loucosporgatos.com.br\/index.php?rest_route=\/wp\/v2\/pages\/15043","targetHints":{"allow":["GET"]}}],"collection":[{"href":"https:\/\/loucosporgatos.com.br\/index.php?rest_route=\/wp\/v2\/pages"}],"about":[{"href":"https:\/\/loucosporgatos.com.br\/index.php?rest_route=\/wp\/v2\/types\/page"}],"author":[{"embeddable":true,"href":"https:\/\/loucosporgatos.com.br\/index.php?rest_route=\/wp\/v2\/users\/4"}],"replies":[{"embeddable":true,"href":"https:\/\/loucosporgatos.com.br\/index.php?rest_route=%2Fwp%2Fv2%2Fcomments&post=15043"}],"version-history":[{"count":0,"href":"https:\/\/loucosporgatos.com.br\/index.php?rest_route=\/wp\/v2\/pages\/15043\/revisions"}],"wp:featuredmedia":[{"embeddable":true,"href":"https:\/\/loucosporgatos.com.br\/index.php?rest_route=\/"}],"wp:attachment":[{"href":"https:\/\/loucosporgatos.com.br\/index.php?rest_route=%2Fwp%2Fv2%2Fmedia&parent=15043"}],"curies":[{"name":"wp","href":"https:\/\/api.w.org\/{rel}","templated":true}]}}