{"id":15265,"date":"2018-04-30T12:19:10","date_gmt":"2018-04-30T19:19:10","guid":{"rendered":"http:\/\/www.loucosporgatos.com.br\/?page_id=15265"},"modified":"2018-04-30T12:19:10","modified_gmt":"2018-04-30T19:19:10","slug":"contato","status":"publish","type":"page","link":"https:\/\/loucosporgatos.com.br\/?page_id=15265","title":{"rendered":"Contato"},"content":{"rendered":"<p>[vc_row css_animation=&#8221;&#8221; row_type=&#8221;row&#8221; use_row_as_full_screen_section=&#8221;no&#8221; type=&#8221;full_width&#8221; angled_section=&#8221;no&#8221; text_align=&#8221;left&#8221; background_image_as_pattern=&#8221;without_pattern&#8221;][vc_column width=&#8221;1\/3&#8243;][vc_column_text css=&#8221;.vc_custom_1529246090194{padding-right: 20px !important;}&#8221;]<\/p>\n<h2>Contato<\/h2>\n<p style=\"text-align: left;\">Quer dar alguma sugest\u00e3o pro blog, reclamar, elogiar ou outra coisa qualquer? (S\u00f3 avisando que eu n\u00e3o sou ONG, gente, sou apenas uma mera pessoinha que mora em Floripa). Deixe sua mensagem ou mande um email pra\u00c2\u00a0<a href=\"mailto:cristine@loucosporgatos.com.br\">cristine@loucosporgatos.com.br<\/a>.<\/p>\n<p>[\/vc_column_text][\/vc_column][vc_column width=&#8221;2\/3&#8243;][contact-form-7 id=&#8221;1494&#8243; html_class=&#8221;default&#8221;][\/vc_column][\/vc_row]<\/p>\n","protected":false},"excerpt":{"rendered":"<p>[vc_row css_animation=&#8221;&#8221; row_type=&#8221;row&#8221; use_row_as_full_screen_section=&#8221;no&#8221; type=&#8221;full_width&#8221; angled_section=&#8221;no&#8221; text_align=&#8221;left&#8221; background_image_as_pattern=&#8221;without_pattern&#8221;][vc_column width=&#8221;1\/3&#8243;][vc_column_text css=&#8221;.vc_custom_1529246090194{padding-right: 20px !important;}&#8221;] Contato Quer dar alguma sugest\u00e3o pro blog, reclamar, elogiar ou outra coisa qualquer? (S\u00f3 avisando que eu n\u00e3o sou ONG, gente, sou apenas uma mera pessoinha que mora em Floripa). Deixe sua mensagem ou mande um email pra\u00c2\u00a0cristine@loucosporgatos.com.br. [\/vc_column_text][\/vc_column][vc_column width=&#8221;2\/3&#8243;][contact-form-7 id=&#8221;1494&#8243; html_class=&#8221;default&#8221;][\/vc_column][\/vc_row]<\/p>\n","protected":false},"author":4,"featured_media":0,"parent":0,"menu_order":0,"comment_status":"closed","ping_status":"closed","template":"","meta":{"footnotes":""},"class_list":["post-15265","page","type-page","status-publish","hentry"],"_links":{"self":[{"href":"https:\/\/loucosporgatos.com.br\/index.php?rest_route=\/wp\/v2\/pages\/15265","targetHints":{"allow":["GET"]}}],"collection":[{"href":"https:\/\/loucosporgatos.com.br\/index.php?rest_route=\/wp\/v2\/pages"}],"about":[{"href":"https:\/\/loucosporgatos.com.br\/index.php?rest_route=\/wp\/v2\/types\/page"}],"author":[{"embeddable":true,"href":"https:\/\/loucosporgatos.com.br\/index.php?rest_route=\/wp\/v2\/users\/4"}],"replies":[{"embeddable":true,"href":"https:\/\/loucosporgatos.com.br\/index.php?rest_route=%2Fwp%2Fv2%2Fcomments&post=15265"}],"version-history":[{"count":0,"href":"https:\/\/loucosporgatos.com.br\/index.php?rest_route=\/wp\/v2\/pages\/15265\/revisions"}],"wp:attachment":[{"href":"https:\/\/loucosporgatos.com.br\/index.php?rest_route=%2Fwp%2Fv2%2Fmedia&parent=15265"}],"curies":[{"name":"wp","href":"https:\/\/api.w.org\/{rel}","templated":true}]}}